{"id":3404,"date":"2025-04-18T15:49:33","date_gmt":"2025-04-18T15:49:33","guid":{"rendered":"https:\/\/www.descubre.cr\/gobernanza\/"},"modified":"2025-08-20T19:48:37","modified_gmt":"2025-08-20T19:48:37","slug":"governance","status":"publish","type":"page","link":"https:\/\/www.descubre.cr\/en\/governance\/","title":{"rendered":"Governance"},"content":{"rendered":"\t\t<div data-elementor-type=\"wp-page\" data-elementor-id=\"3404\" class=\"elementor elementor-3404 elementor-1199\" data-elementor-post-type=\"page\">\n\t\t\t\t<div class=\"elementor-element elementor-element-6a8b3b1 e-flex e-con-boxed e-con e-parent\" data-id=\"6a8b3b1\" data-element_type=\"container\">\n\t\t\t\t\t<div class=\"e-con-inner\">\n\t\t\t\t<div class=\"elementor-element elementor-element-14f1c39 elementor-widget elementor-widget-heading\" data-id=\"14f1c39\" data-element_type=\"widget\" data-widget_type=\"heading.default\">\n\t\t\t\t<div class=\"elementor-widget-container\">\n\t\t\t\t\t<h1 class=\"elementor-heading-title elementor-size-default\">How does Descubre operate?<\/h1>\t\t\t\t<\/div>\n\t\t\t\t<\/div>\n\t\t<div class=\"elementor-element elementor-element-2b7e874 e-con-full e-flex e-con e-child\" data-id=\"2b7e874\" data-element_type=\"container\" data-settings=\"{&quot;background_background&quot;:&quot;classic&quot;}\">\n\t\t<div class=\"elementor-element elementor-element-7d66854 e-con-full e-flex e-con e-child\" data-id=\"7d66854\" data-element_type=\"container\" data-settings=\"{&quot;background_background&quot;:&quot;classic&quot;}\">\n\t\t\t\t<div class=\"elementor-element elementor-element-033cd11 elementor-widget__width-initial elementor-widget elementor-widget-heading\" data-id=\"033cd11\" data-element_type=\"widget\" data-widget_type=\"heading.default\">\n\t\t\t\t<div class=\"elementor-widget-container\">\n\t\t\t\t\t<h2 class=\"elementor-heading-title elementor-size-default\">Governing Council<br>\nCOMEX-PROCOMER-CNAA\n<\/h2>\t\t\t\t<\/div>\n\t\t\t\t<\/div>\n\t\t\t\t<\/div>\n\t\t\t\t<div class=\"elementor-element elementor-element-31af368 elementor-widget__width-initial elementor-widget elementor-widget-heading\" data-id=\"31af368\" data-element_type=\"widget\" data-widget_type=\"heading.default\">\n\t\t\t\t<div class=\"elementor-widget-container\">\n\t\t\t\t\t<h2 class=\"elementor-heading-title elementor-size-default\">Makes decisions regarding program strategy and the tools and resources that each institution provides for implementation.<\/h2>\t\t\t\t<\/div>\n\t\t\t\t<\/div>\n\t\t\t\t<\/div>\n\t\t<div class=\"elementor-element elementor-element-c635ccb e-grid e-con-full e-con e-child\" data-id=\"c635ccb\" data-element_type=\"container\">\n\t\t<div class=\"elementor-element elementor-element-63f53ff e-con-full e-flex e-con e-child\" data-id=\"63f53ff\" data-element_type=\"container\" data-settings=\"{&quot;background_background&quot;:&quot;classic&quot;}\">\n\t\t<div class=\"elementor-element elementor-element-6b27cba e-con-full e-flex e-con e-child\" data-id=\"6b27cba\" data-element_type=\"container\" data-settings=\"{&quot;background_background&quot;:&quot;classic&quot;}\">\n\t\t\t\t<div class=\"elementor-element elementor-element-04aed70 elementor-widget__width-initial elementor-widget elementor-widget-heading\" data-id=\"04aed70\" data-element_type=\"widget\" data-widget_type=\"heading.default\">\n\t\t\t\t<div class=\"elementor-widget-container\">\n\t\t\t\t\t<h2 class=\"elementor-heading-title elementor-size-default\">Descubre Program Coordinator<\/h2>\t\t\t\t<\/div>\n\t\t\t\t<\/div>\n\t\t\t\t<\/div>\n\t\t\t\t<div class=\"elementor-element elementor-element-cd891cc elementor-widget__width-initial elementor-widget elementor-widget-heading\" data-id=\"cd891cc\" data-element_type=\"widget\" data-widget_type=\"heading.default\">\n\t\t\t\t<div class=\"elementor-widget-container\">\n\t\t\t\t\t<h2 class=\"elementor-heading-title elementor-size-default\">Platform coordinator, responsible for executing joint action plans.<\/h2>\t\t\t\t<\/div>\n\t\t\t\t<\/div>\n\t\t\t\t<\/div>\n\t\t<div class=\"elementor-element elementor-element-c56cb9e e-con-full e-flex e-con e-child\" data-id=\"c56cb9e\" data-element_type=\"container\" data-settings=\"{&quot;background_background&quot;:&quot;classic&quot;}\">\n\t\t<div class=\"elementor-element elementor-element-7964322 e-con-full e-flex e-con e-child\" data-id=\"7964322\" data-element_type=\"container\" data-settings=\"{&quot;background_background&quot;:&quot;classic&quot;}\">\n\t\t\t\t<div class=\"elementor-element elementor-element-bfbdeac elementor-widget__width-initial elementor-widget elementor-widget-heading\" data-id=\"bfbdeac\" data-element_type=\"widget\" data-widget_type=\"heading.default\">\n\t\t\t\t<div class=\"elementor-widget-container\">\n\t\t\t\t\t<h2 class=\"elementor-heading-title elementor-size-default\">Private<br>Advisory Council<\/h2>\t\t\t\t<\/div>\n\t\t\t\t<\/div>\n\t\t\t\t<\/div>\n\t\t\t\t<div class=\"elementor-element elementor-element-af90b76 elementor-widget__width-initial elementor-widget elementor-widget-heading\" data-id=\"af90b76\" data-element_type=\"widget\" data-widget_type=\"heading.default\">\n\t\t\t\t<div class=\"elementor-widget-container\">\n\t\t\t\t\t<h2 class=\"elementor-heading-title elementor-size-default\">Sector experts who support and advise the Governing Council in its decision-making processes.<\/h2>\t\t\t\t<\/div>\n\t\t\t\t<\/div>\n\t\t\t\t<\/div>\n\t\t\t\t<\/div>\n\t\t<div class=\"elementor-element elementor-element-42660f4 e-con-full elementor-hidden-mobile e-flex e-con e-child\" data-id=\"42660f4\" data-element_type=\"container\" data-settings=\"{&quot;background_background&quot;:&quot;classic&quot;}\">\n\t\t\t\t<\/div>\n\t\t<div class=\"elementor-element elementor-element-7f51590 e-grid e-con-full e-con e-child\" data-id=\"7f51590\" data-element_type=\"container\">\n\t\t<div class=\"elementor-element elementor-element-8e763d0 e-con-full e-flex e-con e-child\" data-id=\"8e763d0\" data-element_type=\"container\">\n\t\t\t\t<div class=\"elementor-element elementor-element-653efea elementor-widget elementor-widget-heading\" data-id=\"653efea\" data-element_type=\"widget\" data-widget_type=\"heading.default\">\n\t\t\t\t<div class=\"elementor-widget-container\">\n\t\t\t\t\t<h2 class=\"elementor-heading-title elementor-size-default\">Discovery A<\/h2>\t\t\t\t<\/div>\n\t\t\t\t<\/div>\n\t\t\t\t<\/div>\n\t\t<div class=\"elementor-element elementor-element-92e83bd e-con-full e-flex e-con e-child\" data-id=\"92e83bd\" data-element_type=\"container\">\n\t\t\t\t<div class=\"elementor-element elementor-element-1436f8d elementor-widget elementor-widget-heading\" data-id=\"1436f8d\" data-element_type=\"widget\" data-widget_type=\"heading.default\">\n\t\t\t\t<div class=\"elementor-widget-container\">\n\t\t\t\t\t<h2 class=\"elementor-heading-title elementor-size-default\">Discovery B<\/h2>\t\t\t\t<\/div>\n\t\t\t\t<\/div>\n\t\t\t\t<\/div>\n\t\t<div class=\"elementor-element elementor-element-ac533f5 e-con-full e-flex e-con e-child\" data-id=\"ac533f5\" data-element_type=\"container\">\n\t\t\t\t<div class=\"elementor-element elementor-element-a317188 elementor-widget elementor-widget-heading\" data-id=\"a317188\" data-element_type=\"widget\" data-widget_type=\"heading.default\">\n\t\t\t\t<div class=\"elementor-widget-container\">\n\t\t\t\t\t<h2 class=\"elementor-heading-title elementor-size-default\">Discovery C<\/h2>\t\t\t\t<\/div>\n\t\t\t\t<\/div>\n\t\t\t\t<\/div>\n\t\t\t\t<\/div>\n\t\t<div class=\"elementor-element elementor-element-440f8c5 e-con-full elementor-hidden-mobile e-flex e-con e-child\" data-id=\"440f8c5\" data-element_type=\"container\" data-settings=\"{&quot;background_background&quot;:&quot;classic&quot;}\">\n\t\t\t\t<\/div>\n\t\t<div class=\"elementor-element elementor-element-d1b0f70 e-grid e-con-full e-con e-child\" data-id=\"d1b0f70\" data-element_type=\"container\">\n\t\t<div class=\"elementor-element elementor-element-0308370 e-con-full elementor-hidden-mobile e-flex e-con e-child\" data-id=\"0308370\" data-element_type=\"container\">\n\t\t\t\t<\/div>\n\t\t<div class=\"elementor-element elementor-element-702b703 e-con-full e-flex e-con e-child\" data-id=\"702b703\" data-element_type=\"container\">\n\t\t\t\t<div class=\"elementor-element elementor-element-19c1de2 elementor-widget elementor-widget-heading\" data-id=\"19c1de2\" data-element_type=\"widget\" data-widget_type=\"heading.default\">\n\t\t\t\t<div class=\"elementor-widget-container\">\n\t\t\t\t\t<h2 class=\"elementor-heading-title elementor-size-default\">Start your Roadmap<\/h2>\t\t\t\t<\/div>\n\t\t\t\t<\/div>\n\t\t\t\t<\/div>\n\t\t<div class=\"elementor-element elementor-element-0b1d768 e-con-full elementor-hidden-mobile e-flex e-con e-child\" data-id=\"0b1d768\" data-element_type=\"container\">\n\t\t\t\t<\/div>\n\t\t\t\t<\/div>\n\t\t\t\t\t<\/div>\n\t\t\t\t<\/div>\n\t\t<div class=\"elementor-element elementor-element-fc4e16f e-flex e-con-boxed e-con e-parent\" data-id=\"fc4e16f\" data-element_type=\"container\">\n\t\t\t\t\t<div class=\"e-con-inner\">\n\t\t\t\t<div class=\"elementor-element elementor-element-ddd17e2 elementor-widget elementor-widget-shortcode\" data-id=\"ddd17e2\" data-element_type=\"widget\" data-widget_type=\"shortcode.default\">\n\t\t\t\t<div class=\"elementor-widget-container\">\n\t\t\t\t\t\t\t<div class=\"elementor-shortcode\">\t\t<div data-elementor-type=\"container\" data-elementor-id=\"3281\" class=\"elementor elementor-3281 elementor-350\" data-elementor-post-type=\"elementor_library\">\n\t\t\t\t<div class=\"elementor-element elementor-element-980206a e-con-full e-flex e-con e-child\" data-id=\"980206a\" data-element_type=\"container\" data-settings=\"{&quot;background_background&quot;:&quot;classic&quot;}\">\n\t\t\t\t<div class=\"elementor-element elementor-element-ee69d9e elementor-widget elementor-widget-heading\" data-id=\"ee69d9e\" data-element_type=\"widget\" data-widget_type=\"heading.default\">\n\t\t\t\t<div class=\"elementor-widget-container\">\n\t\t\t\t\t<h2 class=\"elementor-heading-title elementor-size-default\">Cont\u00e1ctenos<\/h2>\t\t\t\t<\/div>\n\t\t\t\t<\/div>\n\t\t<div class=\"elementor-element elementor-element-68149df e-con-full e-flex e-con e-child\" data-id=\"68149df\" data-element_type=\"container\">\n\t\t<div class=\"elementor-element elementor-element-a97b898 e-con-full e-flex e-con e-child\" data-id=\"a97b898\" data-element_type=\"container\">\n\t\t\t\t<div class=\"elementor-element elementor-element-a27de50 elementor-widget elementor-widget-image\" data-id=\"a27de50\" data-element_type=\"widget\" data-widget_type=\"image.default\">\n\t\t\t\t<div class=\"elementor-widget-container\">\n\t\t\t\t\t\t\t\t\t\t\t\t\t\t\t<img decoding=\"async\" src=\"https:\/\/www.descubre.cr\/wp-content\/uploads\/2025\/04\/icon-contacto.svg\" class=\"attachment-full size-full wp-image-1093\" alt=\"\" \/>\t\t\t\t\t\t\t\t\t\t\t\t\t\t\t<\/div>\n\t\t\t\t<\/div>\n\t\t\t\t<div class=\"elementor-element elementor-element-b6a1b93 elementor-widget elementor-widget-text-editor\" data-id=\"b6a1b93\" data-element_type=\"widget\" data-widget_type=\"text-editor.default\">\n\t\t\t\t<div class=\"elementor-widget-container\">\n\t\t\t\t\t\t\t\t\t<p>\u00bfLe gustar\u00eda conocer m\u00e1s sobre los beneficios del programa Descubre o tiene alguna consulta? Nuestro equipo est\u00e1 a su disposici\u00f3n para atenderle.<\/p>\t\t\t\t\t\t\t\t<\/div>\n\t\t\t\t<\/div>\n\t\t\t\t<div class=\"elementor-element elementor-element-6a1f26d elementor-widget elementor-widget-heading\" data-id=\"6a1f26d\" data-element_type=\"widget\" data-widget_type=\"heading.default\">\n\t\t\t\t<div class=\"elementor-widget-container\">\n\t\t\t\t\t<h6 class=\"elementor-heading-title elementor-size-default\">Email<\/h6>\t\t\t\t<\/div>\n\t\t\t\t<\/div>\n\t\t\t\t<div class=\"elementor-element elementor-element-0e5ca9f elementor-widget elementor-widget-button\" data-id=\"0e5ca9f\" data-element_type=\"widget\" data-widget_type=\"button.default\">\n\t\t\t\t<div class=\"elementor-widget-container\">\n\t\t\t\t\t\t\t\t\t<div class=\"elementor-button-wrapper\">\n\t\t\t\t\t<a class=\"elementor-button elementor-button-link elementor-size-sm\" href=\"mailto:descubre@procomer.com\">\n\t\t\t\t\t\t<span class=\"elementor-button-content-wrapper\">\n\t\t\t\t\t\t<span class=\"elementor-button-icon\">\n\t\t\t\t<svg xmlns=\"http:\/\/www.w3.org\/2000\/svg\" width=\"16\" height=\"14\" viewBox=\"0 0 16 14\" fill=\"none\"><path d=\"M14.6666 3.00008C14.6666 2.26675 14.0666 1.66675 13.3333 1.66675H2.66659C1.93325 1.66675 1.33325 2.26675 1.33325 3.00008M14.6666 3.00008V11.0001C14.6666 11.7334 14.0666 12.3334 13.3333 12.3334H2.66659C1.93325 12.3334 1.33325 11.7334 1.33325 11.0001V3.00008M14.6666 3.00008L7.99992 7.66675L1.33325 3.00008\" stroke=\"white\" stroke-width=\"1.6\" stroke-linecap=\"round\" stroke-linejoin=\"round\"><\/path><\/svg>\t\t\t<\/span>\n\t\t\t\t\t\t\t\t\t<span class=\"elementor-button-text\">descubre@procomer.com<\/span>\n\t\t\t\t\t<\/span>\n\t\t\t\t\t<\/a>\n\t\t\t\t<\/div>\n\t\t\t\t\t\t\t\t<\/div>\n\t\t\t\t<\/div>\n\t\t\t\t<div class=\"elementor-element elementor-element-a638e90 elementor-widget elementor-widget-heading\" data-id=\"a638e90\" data-element_type=\"widget\" data-widget_type=\"heading.default\">\n\t\t\t\t<div class=\"elementor-widget-container\">\n\t\t\t\t\t<h6 class=\"elementor-heading-title elementor-size-default\">Tel\u00e9fonos<\/h6>\t\t\t\t<\/div>\n\t\t\t\t<\/div>\n\t\t\t\t<div class=\"elementor-element elementor-element-00060cc elementor-widget elementor-widget-button\" data-id=\"00060cc\" data-element_type=\"widget\" data-widget_type=\"button.default\">\n\t\t\t\t<div class=\"elementor-widget-container\">\n\t\t\t\t\t\t\t\t\t<div class=\"elementor-button-wrapper\">\n\t\t\t\t\t<a class=\"elementor-button elementor-button-link elementor-size-sm\" href=\"tel:+50625054663\">\n\t\t\t\t\t\t<span class=\"elementor-button-content-wrapper\">\n\t\t\t\t\t\t<span class=\"elementor-button-icon\">\n\t\t\t\t<svg xmlns=\"http:\/\/www.w3.org\/2000\/svg\" width=\"16\" height=\"16\" viewBox=\"0 0 16 16\" fill=\"none\"><path d=\"M14.6667 11.28V13.28C14.6675 13.4657 14.6294 13.6494 14.555 13.8195C14.4807 13.9897 14.3716 14.1424 14.2348 14.2679C14.0979 14.3934 13.9364 14.489 13.7605 14.5485C13.5847 14.6079 13.3983 14.63 13.2134 14.6133C11.1619 14.3904 9.19137 13.6894 7.46004 12.5667C5.84926 11.5431 4.48359 10.1774 3.46004 8.56665C2.33336 6.82745 1.6322 4.84731 1.41337 2.78665C1.39671 2.60229 1.41862 2.41649 1.4777 2.24107C1.53679 2.06564 1.63175 1.90444 1.75655 1.76773C1.88134 1.63102 2.03324 1.52179 2.20256 1.447C2.37189 1.37221 2.55493 1.33349 2.74004 1.33332H4.74004C5.06357 1.33013 5.37723 1.4447 5.62254 1.65567C5.86786 1.86664 6.02809 2.15961 6.07337 2.47998C6.15779 3.12003 6.31434 3.74847 6.54004 4.35332C6.62973 4.59193 6.64914 4.85126 6.59597 5.10057C6.5428 5.34988 6.41928 5.57872 6.24004 5.75998L5.39337 6.60665C6.34241 8.27568 7.72434 9.65761 9.39337 10.6066L10.24 9.75998C10.4213 9.58074 10.6501 9.45722 10.8994 9.40405C11.1488 9.35088 11.4081 9.37029 11.6467 9.45998C12.2516 9.68568 12.88 9.84224 13.52 9.92665C13.8439 9.97234 14.1396 10.1355 14.3511 10.385C14.5625 10.6345 14.6748 10.953 14.6667 11.28Z\" stroke=\"white\" stroke-width=\"1.6\" stroke-linecap=\"round\" stroke-linejoin=\"round\"><\/path><\/svg>\t\t\t<\/span>\n\t\t\t\t\t\t\t\t\t<span class=\"elementor-button-text\">+(506) 2505-4663<\/span>\n\t\t\t\t\t<\/span>\n\t\t\t\t\t<\/a>\n\t\t\t\t<\/div>\n\t\t\t\t\t\t\t\t<\/div>\n\t\t\t\t<\/div>\n\t\t\t\t<div class=\"elementor-element elementor-element-5556272 elementor-widget elementor-widget-button\" data-id=\"5556272\" data-element_type=\"widget\" data-widget_type=\"button.default\">\n\t\t\t\t<div class=\"elementor-widget-container\">\n\t\t\t\t\t\t\t\t\t<div class=\"elementor-button-wrapper\">\n\t\t\t\t\t<a class=\"elementor-button elementor-button-link elementor-size-sm\" href=\"tel:+50625054732\">\n\t\t\t\t\t\t<span class=\"elementor-button-content-wrapper\">\n\t\t\t\t\t\t<span class=\"elementor-button-icon\">\n\t\t\t\t<svg xmlns=\"http:\/\/www.w3.org\/2000\/svg\" width=\"16\" height=\"16\" viewBox=\"0 0 16 16\" fill=\"none\"><path d=\"M14.6667 11.28V13.28C14.6675 13.4657 14.6294 13.6494 14.555 13.8195C14.4807 13.9897 14.3716 14.1424 14.2348 14.2679C14.0979 14.3934 13.9364 14.489 13.7605 14.5485C13.5847 14.6079 13.3983 14.63 13.2134 14.6133C11.1619 14.3904 9.19137 13.6894 7.46004 12.5667C5.84926 11.5431 4.48359 10.1774 3.46004 8.56665C2.33336 6.82745 1.6322 4.84731 1.41337 2.78665C1.39671 2.60229 1.41862 2.41649 1.4777 2.24107C1.53679 2.06564 1.63175 1.90444 1.75655 1.76773C1.88134 1.63102 2.03324 1.52179 2.20256 1.447C2.37189 1.37221 2.55493 1.33349 2.74004 1.33332H4.74004C5.06357 1.33013 5.37723 1.4447 5.62254 1.65567C5.86786 1.86664 6.02809 2.15961 6.07337 2.47998C6.15779 3.12003 6.31434 3.74847 6.54004 4.35332C6.62973 4.59193 6.64914 4.85126 6.59597 5.10057C6.5428 5.34988 6.41928 5.57872 6.24004 5.75998L5.39337 6.60665C6.34241 8.27568 7.72434 9.65761 9.39337 10.6066L10.24 9.75998C10.4213 9.58074 10.6501 9.45722 10.8994 9.40405C11.1488 9.35088 11.4081 9.37029 11.6467 9.45998C12.2516 9.68568 12.88 9.84224 13.52 9.92665C13.8439 9.97234 14.1396 10.1355 14.3511 10.385C14.5625 10.6345 14.6748 10.953 14.6667 11.28Z\" stroke=\"white\" stroke-width=\"1.6\" stroke-linecap=\"round\" stroke-linejoin=\"round\"><\/path><\/svg>\t\t\t<\/span>\n\t\t\t\t\t\t\t\t\t<span class=\"elementor-button-text\">+(506) 2505-4732<\/span>\n\t\t\t\t\t<\/span>\n\t\t\t\t\t<\/a>\n\t\t\t\t<\/div>\n\t\t\t\t\t\t\t\t<\/div>\n\t\t\t\t<\/div>\n\t\t\t\t<\/div>\n\t\t<div class=\"elementor-element elementor-element-b8c9953 e-con-full e-flex e-con e-child\" data-id=\"b8c9953\" data-element_type=\"container\">\n\t\t\t\t<div class=\"elementor-element elementor-element-5a4dd6e form-contact-footer elementor-widget elementor-widget-wp-widget-forminator_widget\" data-id=\"5a4dd6e\" data-element_type=\"widget\" data-widget_type=\"wp-widget-forminator_widget.default\">\n\t\t\t\t<div class=\"elementor-widget-container\">\n\t\t\t\t\t<div class=\"forminator-ui forminator-custom-form forminator-custom-form-358  forminator-custom forminator_ajax\" data-forminator-render=\"0\" data-form=\"forminator-module-358\" data-uid=\"69dc37a1a33d7\"><br\/><\/div><form\n\t\t\t\tid=\"forminator-module-358\"\n\t\t\t\tclass=\"forminator-ui forminator-custom-form forminator-custom-form-358  forminator-custom forminator_ajax\"\n\t\t\t\tmethod=\"post\"\n\t\t\t\tdata-forminator-render=\"0\"\n\t\t\t\tdata-form-id=\"358\"\n\t\t\t\t data-color-option=\"theme\" data-design=\"none\" data-grid=\"custom\" style=\"display: none;\"\n\t\t\t\tdata-uid=\"69dc37a1a33d7\"\n\t\t\t><div role=\"alert\" aria-live=\"polite\" class=\"forminator-response-message forminator-error\" aria-hidden=\"true\"><\/div><div class=\"forminator-row\"><div id=\"name-1\" class=\"forminator-field-name forminator-col forminator-col-6 \"><div class=\"forminator-field\"><label for=\"forminator-field-name-1_69dc37a1a33d7\" id=\"forminator-field-name-1_69dc37a1a33d7-label\" class=\"forminator-label\">Nombre y apellido <span class=\"forminator-required\">*<\/span><\/label><input type=\"text\" name=\"name-1\" value=\"\" placeholder=\"Ingresa tu nombre y apellido...\" id=\"forminator-field-name-1_69dc37a1a33d7\" class=\"forminator-input forminator-name--field\" aria-required=\"true\" autocomplete=\"name\" \/><\/div><\/div><div id=\"email-1\" class=\"forminator-field-email forminator-col forminator-col-6 \"><div class=\"forminator-field\"><label for=\"forminator-field-email-1_69dc37a1a33d7\" id=\"forminator-field-email-1_69dc37a1a33d7-label\" class=\"forminator-label\">Email <span class=\"forminator-required\">*<\/span><\/label><input type=\"email\" name=\"email-1\" value=\"\" placeholder=\"Enter your email...\" id=\"forminator-field-email-1_69dc37a1a33d7\" class=\"forminator-input forminator-email--field\" data-required=\"true\" aria-required=\"true\" autocomplete=\"email\" \/><\/div><\/div><\/div><div class=\"forminator-row\"><div id=\"phone-1\" class=\"forminator-field-phone forminator-col forminator-col-6 \"><div class=\"forminator-field\"><label for=\"forminator-field-phone-1_69dc37a1a33d7\" id=\"forminator-field-phone-1_69dc37a1a33d7-label\" class=\"forminator-label\">Tel\u00e9fono <span class=\"forminator-required\">*<\/span><\/label><input type=\"text\" name=\"phone-1\" value=\"\" placeholder=\"Ingresa tu n\u00famero...\" id=\"forminator-field-phone-1_69dc37a1a33d7\" class=\"forminator-input forminator-field--phone\" data-required=\"1\" aria-required=\"true\" autocomplete=\"off\" \/><\/div><\/div><div id=\"address-1\" class=\"forminator-field-address forminator-col forminator-col-6 \"><div class=\"forminator-row\"><div id=\"address-1-street_address\" class=\"forminator-col\"><div class=\"forminator-field\"><label for=\"forminator-field-address-1-street_address_69dc37a1a33d7\" id=\"forminator-field-address-1-street_address_69dc37a1a33d7-label\" class=\"forminator-label\">Ubicaci\u00f3n <span class=\"forminator-required\">*<\/span><\/label><input type=\"text\" name=\"address-1-street_address\" placeholder=\"Ingresa tu ubicaci\u00f3n...\" id=\"forminator-field-address-1-street_address_69dc37a1a33d7\" class=\"forminator-input\" data-required=\"1\" aria-required=\"true\" autocomplete=\"address-line1\" value=\"\" \/><\/div><\/div><\/div><\/div><\/div><div class=\"forminator-row\"><div id=\"textarea-1\" class=\"forminator-field-textarea forminator-col forminator-col-12 \"><div class=\"forminator-field\"><label for=\"forminator-field-textarea-1_69dc37a1a33d7\" id=\"forminator-field-textarea-1_69dc37a1a33d7-label\" class=\"forminator-label\">Mensaje <span class=\"forminator-required\">*<\/span><\/label><div><span id=\"forminator-field-textarea-1_69dc37a1a33d7-description\" class=\"forminator-description\"><span data-limit=\"180\" data-type=\"characters\" data-editor=\"\">0 \/ 180<\/span><\/span><\/div><textarea name=\"textarea-1\" placeholder=\"Escribe tu mensaje aqu\u00ed...\" id=\"forminator-field-textarea-1_69dc37a1a33d7\" class=\"forminator-textarea\" rows=\"6\" style=\"min-height:73px;\" maxlength=\"180\" ><\/textarea><\/div><\/div><\/div><div class=\"forminator-row\"><div id=\"captcha-1\" class=\"forminator-field-captcha forminator-col forminator-col-12 \"><div class=\"forminator-captcha-left forminator-g-recaptcha recaptcha-invisible\" data-theme=\"light\" data-badge=\"inline\" data-sitekey=\"6LeTOCorAAAAADLJviigvz70RAkGjqW8Rophq1ZP\" data-size=\"invisible\"><\/div> <\/div><\/div><input type=\"hidden\" name=\"referer_url\" value=\"\" \/><div class=\"forminator-row forminator-row-last\"><div class=\"forminator-col\"><div class=\"forminator-field\"><button class=\"forminator-button forminator-button-submit\">Enviar<\/button><\/div><\/div><\/div><input type=\"hidden\" id=\"forminator_nonce\" name=\"forminator_nonce\" value=\"5892f2003e\" \/><input type=\"hidden\" name=\"_wp_http_referer\" value=\"\/en\/wp-json\/wp\/v2\/pages\/3404\" \/><input type=\"hidden\" name=\"form_id\" value=\"358\"><input type=\"hidden\" name=\"page_id\" value=\"3404\"><input type=\"hidden\" name=\"form_type\" value=\"default\"><input type=\"hidden\" name=\"current_url\" value=\"https:\/\/www.descubre.cr\/en\/governance\/\"><input type=\"hidden\" name=\"render_id\" value=\"0\"><input type=\"hidden\" name=\"action\" value=\"forminator_submit_form_custom-forms\"><\/form>\t\t\t\t<\/div>\n\t\t\t\t<\/div>\n\t\t\t\t<\/div>\n\t\t\t\t<\/div>\n\t\t\t\t<\/div>\n\t\t\t\t<\/div>\n\t\t<\/div>\n\t\t\t\t\t\t<\/div>\n\t\t\t\t<\/div>\n\t\t\t\t\t<\/div>\n\t\t\t\t<\/div>\n\t\t\t\t<\/div>\n\t\t","protected":false},"excerpt":{"rendered":"<p>How does Descubre operate? Governing Council COMEX-PROCOMER-CNAA Makes decisions regarding program strategy and the tools and resources that each institution provides for implementation. Descubre Program Coordinator Platform coordinator, responsible for executing joint action plans. PrivateAdvisory Council Sector experts who support and advise the Governing Council in its decision-making processes. Discovery A Discovery B Discovery C [&hellip;]<\/p>\n","protected":false},"author":1,"featured_media":0,"parent":0,"menu_order":0,"comment_status":"closed","ping_status":"closed","template":"","meta":{"_acf_changed":false,"footnotes":""},"class_list":["post-3404","page","type-page","status-publish","hentry"],"acf":[],"_links":{"self":[{"href":"https:\/\/www.descubre.cr\/en\/wp-json\/wp\/v2\/pages\/3404","targetHints":{"allow":["GET"]}}],"collection":[{"href":"https:\/\/www.descubre.cr\/en\/wp-json\/wp\/v2\/pages"}],"about":[{"href":"https:\/\/www.descubre.cr\/en\/wp-json\/wp\/v2\/types\/page"}],"author":[{"embeddable":true,"href":"https:\/\/www.descubre.cr\/en\/wp-json\/wp\/v2\/users\/1"}],"replies":[{"embeddable":true,"href":"https:\/\/www.descubre.cr\/en\/wp-json\/wp\/v2\/comments?post=3404"}],"version-history":[{"count":4,"href":"https:\/\/www.descubre.cr\/en\/wp-json\/wp\/v2\/pages\/3404\/revisions"}],"predecessor-version":[{"id":3409,"href":"https:\/\/www.descubre.cr\/en\/wp-json\/wp\/v2\/pages\/3404\/revisions\/3409"}],"wp:attachment":[{"href":"https:\/\/www.descubre.cr\/en\/wp-json\/wp\/v2\/media?parent=3404"}],"curies":[{"name":"wp","href":"https:\/\/api.w.org\/{rel}","templated":true}]}}